{"id":1932,"date":"2020-06-30T13:52:52","date_gmt":"2020-06-30T10:52:52","guid":{"rendered":"http:\/\/issevenmimarlik.com.tr\/about\/nilay-isseven\/"},"modified":"2020-06-30T13:52:52","modified_gmt":"2020-06-30T10:52:52","slug":"nilay-isseven","status":"publish","type":"page","link":"https:\/\/issevenmimarlik.com.tr\/en\/about\/nilay-isseven\/","title":{"rendered":"Nilay \u0130\u015fseven"},"content":{"rendered":"<div class=\"wpb-content-wrapper\"><p>[vc_row row_height_percent=&#8221;0&#8243; override_padding=&#8221;yes&#8221; h_padding=&#8221;2&#8243; top_padding=&#8221;5&#8243; bottom_padding=&#8221;5&#8243; overlay_alpha=&#8221;50&#8243; gutter_size=&#8221;4&#8243; column_width_percent=&#8221;100&#8243; shift_y=&#8221;0&#8243; z_index=&#8221;0&#8243;][vc_column column_width_percent=&#8221;100&#8243; gutter_size=&#8221;3&#8243; overlay_alpha=&#8221;50&#8243; shift_x=&#8221;0&#8243; shift_y=&#8221;0&#8243; shift_y_down=&#8221;0&#8243; z_index=&#8221;0&#8243; medium_width=&#8221;4&#8243; mobile_width=&#8221;0&#8243; css_animation=&#8221;left-t-right&#8221; width=&#8221;1\/2&#8243; el_class=&#8221;inverted-device-order&#8221;][vc_single_image media=&#8221;736&#8243; media_width_percent=&#8221;100&#8243; media_ratio=&#8221;one-one&#8221; alignment=&#8221;right&#8221;][\/vc_column][vc_column column_width_percent=&#8221;100&#8243; position_horizontal=&#8221;left&#8221; position_vertical=&#8221;middle&#8221; gutter_size=&#8221;3&#8243; overlay_alpha=&#8221;50&#8243; shift_x=&#8221;0&#8243; shift_y=&#8221;0&#8243; shift_y_down=&#8221;0&#8243; z_index=&#8221;0&#8243; medium_width=&#8221;4&#8243; mobile_width=&#8221;0&#8243; css_animation=&#8221;right-t-left&#8221; width=&#8221;1\/2&#8243;][vc_custom_heading auto_text=&#8221;yes&#8221; heading_semantic=&#8221;h1&#8243; text_transform=&#8221;uppercase&#8221; subheading=&#8221;Partner, Finance and Business Developer&#8221;][\/vc_custom_heading][vc_column_text]Born in Bursa in 1961, She graduated from Istanbul University, Business Administration &#8211; Economics in 1984.<\/p>\n<p>Nilay has 20 years of management experience in reputable companies of the cosmetics industry. After gaining experience in companies such as Chanel, Weitnauer TR, Elizabeth Arden, she joined Isseven Architecture company as a shareholder and manager which was founded in 2015. [\/vc_column_text][vc_separator][\/vc_column][\/vc_row]<\/p>\n<\/div>","protected":false},"excerpt":{"rendered":"<p>Partner, Finance and Business Developer<\/p>\n","protected":false},"author":1,"featured_media":736,"parent":1920,"menu_order":0,"comment_status":"closed","ping_status":"closed","template":"","meta":{"footnotes":""},"class_list":["post-1932","page","type-page","status-publish","has-post-thumbnail","hentry"],"yoast_head":"<!-- This site is optimized with the Yoast SEO plugin v27.5 - https:\/\/yoast.com\/product\/yoast-seo-wordpress\/ -->\n<title>Nilay \u0130\u015fseven - \u0130\u015fseven Mimarl\u0131k<\/title>\n<meta name=\"robots\" content=\"index, follow, max-snippet:-1, max-image-preview:large, max-video-preview:-1\" \/>\n<link rel=\"canonical\" href=\"https:\/\/issevenmimarlik.com.tr\/en\/about\/nilay-isseven\/\" \/>\n<meta property=\"og:locale\" content=\"en_US\" \/>\n<meta property=\"og:type\" content=\"article\" \/>\n<meta property=\"og:title\" content=\"Nilay \u0130\u015fseven - \u0130\u015fseven Mimarl\u0131k\" \/>\n<meta property=\"og:description\" content=\"Partner, Finance and Business Developer\" \/>\n<meta property=\"og:url\" content=\"https:\/\/issevenmimarlik.com.tr\/en\/about\/nilay-isseven\/\" \/>\n<meta property=\"og:site_name\" content=\"\u0130\u015fseven Mimarl\u0131k\" \/>\n<meta property=\"og:image\" content=\"https:\/\/issevenmimarlik.com.tr\/wp-content\/uploads\/2020\/06\/NilayIsseven-sq.jpg\" \/>\n\t<meta property=\"og:image:width\" content=\"1200\" \/>\n\t<meta property=\"og:image:height\" content=\"1200\" \/>\n\t<meta property=\"og:image:type\" content=\"image\/jpeg\" \/>\n<meta name=\"twitter:card\" content=\"summary_large_image\" \/>\n<meta name=\"twitter:label1\" content=\"Est. reading time\" \/>\n\t<meta name=\"twitter:data1\" content=\"1 minute\" \/>\n<script type=\"application\/ld+json\" class=\"yoast-schema-graph\">{\"@context\":\"https:\\\/\\\/schema.org\",\"@graph\":[{\"@type\":\"WebPage\",\"@id\":\"https:\\\/\\\/issevenmimarlik.com.tr\\\/en\\\/about\\\/nilay-isseven\\\/\",\"url\":\"https:\\\/\\\/issevenmimarlik.com.tr\\\/en\\\/about\\\/nilay-isseven\\\/\",\"name\":\"Nilay \u0130\u015fseven - \u0130\u015fseven Mimarl\u0131k\",\"isPartOf\":{\"@id\":\"https:\\\/\\\/issevenmimarlik.com.tr\\\/en\\\/#website\"},\"primaryImageOfPage\":{\"@id\":\"https:\\\/\\\/issevenmimarlik.com.tr\\\/en\\\/about\\\/nilay-isseven\\\/#primaryimage\"},\"image\":{\"@id\":\"https:\\\/\\\/issevenmimarlik.com.tr\\\/en\\\/about\\\/nilay-isseven\\\/#primaryimage\"},\"thumbnailUrl\":\"https:\\\/\\\/issevenmimarlik.com.tr\\\/wp-content\\\/uploads\\\/2020\\\/06\\\/NilayIsseven-sq.jpg\",\"datePublished\":\"2020-06-30T10:52:52+00:00\",\"breadcrumb\":{\"@id\":\"https:\\\/\\\/issevenmimarlik.com.tr\\\/en\\\/about\\\/nilay-isseven\\\/#breadcrumb\"},\"inLanguage\":\"en-US\",\"potentialAction\":[{\"@type\":\"ReadAction\",\"target\":[\"https:\\\/\\\/issevenmimarlik.com.tr\\\/en\\\/about\\\/nilay-isseven\\\/\"]}]},{\"@type\":\"ImageObject\",\"inLanguage\":\"en-US\",\"@id\":\"https:\\\/\\\/issevenmimarlik.com.tr\\\/en\\\/about\\\/nilay-isseven\\\/#primaryimage\",\"url\":\"https:\\\/\\\/issevenmimarlik.com.tr\\\/wp-content\\\/uploads\\\/2020\\\/06\\\/NilayIsseven-sq.jpg\",\"contentUrl\":\"https:\\\/\\\/issevenmimarlik.com.tr\\\/wp-content\\\/uploads\\\/2020\\\/06\\\/NilayIsseven-sq.jpg\",\"width\":1200,\"height\":1200},{\"@type\":\"BreadcrumbList\",\"@id\":\"https:\\\/\\\/issevenmimarlik.com.tr\\\/en\\\/about\\\/nilay-isseven\\\/#breadcrumb\",\"itemListElement\":[{\"@type\":\"ListItem\",\"position\":1,\"name\":\"Ana sayfa\",\"item\":\"https:\\\/\\\/issevenmimarlik.com.tr\\\/en\\\/\"},{\"@type\":\"ListItem\",\"position\":2,\"name\":\"About\",\"item\":\"https:\\\/\\\/issevenmimarlik.com.tr\\\/en\\\/about\\\/\"},{\"@type\":\"ListItem\",\"position\":3,\"name\":\"Nilay \u0130\u015fseven\"}]},{\"@type\":\"WebSite\",\"@id\":\"https:\\\/\\\/issevenmimarlik.com.tr\\\/en\\\/#website\",\"url\":\"https:\\\/\\\/issevenmimarlik.com.tr\\\/en\\\/\",\"name\":\"\u0130\u015fseven Mimarl\u0131k\",\"description\":\"35 y\u0131ll\u0131k tecr\u00fcbemizle i\u00e7 mimarlik hizmetleri\",\"publisher\":{\"@id\":\"https:\\\/\\\/issevenmimarlik.com.tr\\\/en\\\/#organization\"},\"potentialAction\":[{\"@type\":\"SearchAction\",\"target\":{\"@type\":\"EntryPoint\",\"urlTemplate\":\"https:\\\/\\\/issevenmimarlik.com.tr\\\/en\\\/?s={search_term_string}\"},\"query-input\":{\"@type\":\"PropertyValueSpecification\",\"valueRequired\":true,\"valueName\":\"search_term_string\"}}],\"inLanguage\":\"en-US\"},{\"@type\":\"Organization\",\"@id\":\"https:\\\/\\\/issevenmimarlik.com.tr\\\/en\\\/#organization\",\"name\":\"\u0130\u015fseven Mimarl\u0131k\",\"url\":\"https:\\\/\\\/issevenmimarlik.com.tr\\\/en\\\/\",\"logo\":{\"@type\":\"ImageObject\",\"inLanguage\":\"en-US\",\"@id\":\"https:\\\/\\\/issevenmimarlik.com.tr\\\/en\\\/#\\\/schema\\\/logo\\\/image\\\/\",\"url\":\"https:\\\/\\\/issevenmimarlik.com.tr\\\/wp-content\\\/uploads\\\/2020\\\/07\\\/isseven_mimarlik_logo.png\",\"contentUrl\":\"https:\\\/\\\/issevenmimarlik.com.tr\\\/wp-content\\\/uploads\\\/2020\\\/07\\\/isseven_mimarlik_logo.png\",\"width\":1019,\"height\":1248,\"caption\":\"\u0130\u015fseven Mimarl\u0131k\"},\"image\":{\"@id\":\"https:\\\/\\\/issevenmimarlik.com.tr\\\/en\\\/#\\\/schema\\\/logo\\\/image\\\/\"},\"sameAs\":[\"https:\\\/\\\/www.instagram.com\\\/issevenmimarlik\"]}]}<\/script>\n<!-- \/ Yoast SEO plugin. -->","yoast_head_json":{"title":"Nilay \u0130\u015fseven - \u0130\u015fseven Mimarl\u0131k","robots":{"index":"index","follow":"follow","max-snippet":"max-snippet:-1","max-image-preview":"max-image-preview:large","max-video-preview":"max-video-preview:-1"},"canonical":"https:\/\/issevenmimarlik.com.tr\/en\/about\/nilay-isseven\/","og_locale":"en_US","og_type":"article","og_title":"Nilay \u0130\u015fseven - \u0130\u015fseven Mimarl\u0131k","og_description":"Partner, Finance and Business Developer","og_url":"https:\/\/issevenmimarlik.com.tr\/en\/about\/nilay-isseven\/","og_site_name":"\u0130\u015fseven Mimarl\u0131k","og_image":[{"width":1200,"height":1200,"url":"https:\/\/issevenmimarlik.com.tr\/wp-content\/uploads\/2020\/06\/NilayIsseven-sq.jpg","type":"image\/jpeg"}],"twitter_card":"summary_large_image","twitter_misc":{"Est. reading time":"1 minute"},"schema":{"@context":"https:\/\/schema.org","@graph":[{"@type":"WebPage","@id":"https:\/\/issevenmimarlik.com.tr\/en\/about\/nilay-isseven\/","url":"https:\/\/issevenmimarlik.com.tr\/en\/about\/nilay-isseven\/","name":"Nilay \u0130\u015fseven - \u0130\u015fseven Mimarl\u0131k","isPartOf":{"@id":"https:\/\/issevenmimarlik.com.tr\/en\/#website"},"primaryImageOfPage":{"@id":"https:\/\/issevenmimarlik.com.tr\/en\/about\/nilay-isseven\/#primaryimage"},"image":{"@id":"https:\/\/issevenmimarlik.com.tr\/en\/about\/nilay-isseven\/#primaryimage"},"thumbnailUrl":"https:\/\/issevenmimarlik.com.tr\/wp-content\/uploads\/2020\/06\/NilayIsseven-sq.jpg","datePublished":"2020-06-30T10:52:52+00:00","breadcrumb":{"@id":"https:\/\/issevenmimarlik.com.tr\/en\/about\/nilay-isseven\/#breadcrumb"},"inLanguage":"en-US","potentialAction":[{"@type":"ReadAction","target":["https:\/\/issevenmimarlik.com.tr\/en\/about\/nilay-isseven\/"]}]},{"@type":"ImageObject","inLanguage":"en-US","@id":"https:\/\/issevenmimarlik.com.tr\/en\/about\/nilay-isseven\/#primaryimage","url":"https:\/\/issevenmimarlik.com.tr\/wp-content\/uploads\/2020\/06\/NilayIsseven-sq.jpg","contentUrl":"https:\/\/issevenmimarlik.com.tr\/wp-content\/uploads\/2020\/06\/NilayIsseven-sq.jpg","width":1200,"height":1200},{"@type":"BreadcrumbList","@id":"https:\/\/issevenmimarlik.com.tr\/en\/about\/nilay-isseven\/#breadcrumb","itemListElement":[{"@type":"ListItem","position":1,"name":"Ana sayfa","item":"https:\/\/issevenmimarlik.com.tr\/en\/"},{"@type":"ListItem","position":2,"name":"About","item":"https:\/\/issevenmimarlik.com.tr\/en\/about\/"},{"@type":"ListItem","position":3,"name":"Nilay \u0130\u015fseven"}]},{"@type":"WebSite","@id":"https:\/\/issevenmimarlik.com.tr\/en\/#website","url":"https:\/\/issevenmimarlik.com.tr\/en\/","name":"\u0130\u015fseven Mimarl\u0131k","description":"35 y\u0131ll\u0131k tecr\u00fcbemizle i\u00e7 mimarlik hizmetleri","publisher":{"@id":"https:\/\/issevenmimarlik.com.tr\/en\/#organization"},"potentialAction":[{"@type":"SearchAction","target":{"@type":"EntryPoint","urlTemplate":"https:\/\/issevenmimarlik.com.tr\/en\/?s={search_term_string}"},"query-input":{"@type":"PropertyValueSpecification","valueRequired":true,"valueName":"search_term_string"}}],"inLanguage":"en-US"},{"@type":"Organization","@id":"https:\/\/issevenmimarlik.com.tr\/en\/#organization","name":"\u0130\u015fseven Mimarl\u0131k","url":"https:\/\/issevenmimarlik.com.tr\/en\/","logo":{"@type":"ImageObject","inLanguage":"en-US","@id":"https:\/\/issevenmimarlik.com.tr\/en\/#\/schema\/logo\/image\/","url":"https:\/\/issevenmimarlik.com.tr\/wp-content\/uploads\/2020\/07\/isseven_mimarlik_logo.png","contentUrl":"https:\/\/issevenmimarlik.com.tr\/wp-content\/uploads\/2020\/07\/isseven_mimarlik_logo.png","width":1019,"height":1248,"caption":"\u0130\u015fseven Mimarl\u0131k"},"image":{"@id":"https:\/\/issevenmimarlik.com.tr\/en\/#\/schema\/logo\/image\/"},"sameAs":["https:\/\/www.instagram.com\/issevenmimarlik"]}]}},"_links":{"self":[{"href":"https:\/\/issevenmimarlik.com.tr\/en\/wp-json\/wp\/v2\/pages\/1932","targetHints":{"allow":["GET"]}}],"collection":[{"href":"https:\/\/issevenmimarlik.com.tr\/en\/wp-json\/wp\/v2\/pages"}],"about":[{"href":"https:\/\/issevenmimarlik.com.tr\/en\/wp-json\/wp\/v2\/types\/page"}],"author":[{"embeddable":true,"href":"https:\/\/issevenmimarlik.com.tr\/en\/wp-json\/wp\/v2\/users\/1"}],"replies":[{"embeddable":true,"href":"https:\/\/issevenmimarlik.com.tr\/en\/wp-json\/wp\/v2\/comments?post=1932"}],"version-history":[{"count":2,"href":"https:\/\/issevenmimarlik.com.tr\/en\/wp-json\/wp\/v2\/pages\/1932\/revisions"}],"predecessor-version":[{"id":1934,"href":"https:\/\/issevenmimarlik.com.tr\/en\/wp-json\/wp\/v2\/pages\/1932\/revisions\/1934"}],"up":[{"embeddable":true,"href":"https:\/\/issevenmimarlik.com.tr\/en\/wp-json\/wp\/v2\/pages\/1920"}],"wp:featuredmedia":[{"embeddable":true,"href":"https:\/\/issevenmimarlik.com.tr\/en\/wp-json\/wp\/v2\/media\/736"}],"wp:attachment":[{"href":"https:\/\/issevenmimarlik.com.tr\/en\/wp-json\/wp\/v2\/media?parent=1932"}],"curies":[{"name":"wp","href":"https:\/\/api.w.org\/{rel}","templated":true}]}}