{"id":1915,"date":"2020-06-30T13:21:37","date_gmt":"2020-06-30T10:21:37","guid":{"rendered":"http:\/\/issevenmimarlik.com.tr\/references\/"},"modified":"2020-06-30T13:21:38","modified_gmt":"2020-06-30T10:21:38","slug":"references","status":"publish","type":"page","link":"https:\/\/issevenmimarlik.com.tr\/en\/references\/","title":{"rendered":"References"},"content":{"rendered":"<div class=\"wpb-content-wrapper\"><p>[vc_row][vc_column width=&#8221;1\/1&#8243;][uncode_block id=&#8221;350&#8243;][\/vc_column][\/vc_row]<\/p>\n<\/div>","protected":false},"excerpt":{"rendered":"<p>[vc_row][vc_column width=&#8221;1\/1&#8243;][uncode_block id=&#8221;350&#8243;][\/vc_column][\/vc_row]<\/p>\n","protected":false},"author":1,"featured_media":0,"parent":0,"menu_order":0,"comment_status":"closed","ping_status":"closed","template":"","meta":{"footnotes":""},"class_list":["post-1915","page","type-page","status-publish","hentry"],"yoast_head":"<!-- This site is optimized with the Yoast SEO plugin v27.4 - https:\/\/yoast.com\/product\/yoast-seo-wordpress\/ -->\n<title>References - \u0130\u015fseven Mimarl\u0131k<\/title>\n<meta name=\"robots\" content=\"index, follow, max-snippet:-1, max-image-preview:large, max-video-preview:-1\" \/>\n<link rel=\"canonical\" href=\"https:\/\/issevenmimarlik.com.tr\/en\/references\/\" \/>\n<meta property=\"og:locale\" content=\"en_US\" \/>\n<meta property=\"og:type\" content=\"article\" \/>\n<meta property=\"og:title\" content=\"References - \u0130\u015fseven Mimarl\u0131k\" \/>\n<meta property=\"og:description\" content=\"[vc_row][vc_column width=&#8221;1\/1&#8243;][uncode_block id=&#8221;350&#8243;][\/vc_column][\/vc_row]\" \/>\n<meta property=\"og:url\" content=\"https:\/\/issevenmimarlik.com.tr\/en\/references\/\" \/>\n<meta property=\"og:site_name\" content=\"\u0130\u015fseven Mimarl\u0131k\" \/>\n<meta property=\"article:modified_time\" content=\"2020-06-30T10:21:38+00:00\" \/>\n<meta name=\"twitter:card\" content=\"summary_large_image\" \/>\n<script type=\"application\/ld+json\" class=\"yoast-schema-graph\">{\"@context\":\"https:\\\/\\\/schema.org\",\"@graph\":[{\"@type\":\"WebPage\",\"@id\":\"https:\\\/\\\/issevenmimarlik.com.tr\\\/en\\\/references\\\/\",\"url\":\"https:\\\/\\\/issevenmimarlik.com.tr\\\/en\\\/references\\\/\",\"name\":\"References - \u0130\u015fseven Mimarl\u0131k\",\"isPartOf\":{\"@id\":\"https:\\\/\\\/issevenmimarlik.com.tr\\\/en\\\/#website\"},\"datePublished\":\"2020-06-30T10:21:37+00:00\",\"dateModified\":\"2020-06-30T10:21:38+00:00\",\"breadcrumb\":{\"@id\":\"https:\\\/\\\/issevenmimarlik.com.tr\\\/en\\\/references\\\/#breadcrumb\"},\"inLanguage\":\"en-US\",\"potentialAction\":[{\"@type\":\"ReadAction\",\"target\":[\"https:\\\/\\\/issevenmimarlik.com.tr\\\/en\\\/references\\\/\"]}]},{\"@type\":\"BreadcrumbList\",\"@id\":\"https:\\\/\\\/issevenmimarlik.com.tr\\\/en\\\/references\\\/#breadcrumb\",\"itemListElement\":[{\"@type\":\"ListItem\",\"position\":1,\"name\":\"Ana sayfa\",\"item\":\"https:\\\/\\\/issevenmimarlik.com.tr\\\/en\\\/\"},{\"@type\":\"ListItem\",\"position\":2,\"name\":\"References\"}]},{\"@type\":\"WebSite\",\"@id\":\"https:\\\/\\\/issevenmimarlik.com.tr\\\/en\\\/#website\",\"url\":\"https:\\\/\\\/issevenmimarlik.com.tr\\\/en\\\/\",\"name\":\"\u0130\u015fseven Mimarl\u0131k\",\"description\":\"35 y\u0131ll\u0131k tecr\u00fcbemizle i\u00e7 mimarlik hizmetleri\",\"publisher\":{\"@id\":\"https:\\\/\\\/issevenmimarlik.com.tr\\\/en\\\/#organization\"},\"potentialAction\":[{\"@type\":\"SearchAction\",\"target\":{\"@type\":\"EntryPoint\",\"urlTemplate\":\"https:\\\/\\\/issevenmimarlik.com.tr\\\/en\\\/?s={search_term_string}\"},\"query-input\":{\"@type\":\"PropertyValueSpecification\",\"valueRequired\":true,\"valueName\":\"search_term_string\"}}],\"inLanguage\":\"en-US\"},{\"@type\":\"Organization\",\"@id\":\"https:\\\/\\\/issevenmimarlik.com.tr\\\/en\\\/#organization\",\"name\":\"\u0130\u015fseven Mimarl\u0131k\",\"url\":\"https:\\\/\\\/issevenmimarlik.com.tr\\\/en\\\/\",\"logo\":{\"@type\":\"ImageObject\",\"inLanguage\":\"en-US\",\"@id\":\"https:\\\/\\\/issevenmimarlik.com.tr\\\/en\\\/#\\\/schema\\\/logo\\\/image\\\/\",\"url\":\"https:\\\/\\\/issevenmimarlik.com.tr\\\/wp-content\\\/uploads\\\/2020\\\/07\\\/isseven_mimarlik_logo.png\",\"contentUrl\":\"https:\\\/\\\/issevenmimarlik.com.tr\\\/wp-content\\\/uploads\\\/2020\\\/07\\\/isseven_mimarlik_logo.png\",\"width\":1019,\"height\":1248,\"caption\":\"\u0130\u015fseven Mimarl\u0131k\"},\"image\":{\"@id\":\"https:\\\/\\\/issevenmimarlik.com.tr\\\/en\\\/#\\\/schema\\\/logo\\\/image\\\/\"},\"sameAs\":[\"https:\\\/\\\/www.instagram.com\\\/issevenmimarlik\"]}]}<\/script>\n<!-- \/ Yoast SEO plugin. -->","yoast_head_json":{"title":"References - \u0130\u015fseven Mimarl\u0131k","robots":{"index":"index","follow":"follow","max-snippet":"max-snippet:-1","max-image-preview":"max-image-preview:large","max-video-preview":"max-video-preview:-1"},"canonical":"https:\/\/issevenmimarlik.com.tr\/en\/references\/","og_locale":"en_US","og_type":"article","og_title":"References - \u0130\u015fseven Mimarl\u0131k","og_description":"[vc_row][vc_column width=&#8221;1\/1&#8243;][uncode_block id=&#8221;350&#8243;][\/vc_column][\/vc_row]","og_url":"https:\/\/issevenmimarlik.com.tr\/en\/references\/","og_site_name":"\u0130\u015fseven Mimarl\u0131k","article_modified_time":"2020-06-30T10:21:38+00:00","twitter_card":"summary_large_image","schema":{"@context":"https:\/\/schema.org","@graph":[{"@type":"WebPage","@id":"https:\/\/issevenmimarlik.com.tr\/en\/references\/","url":"https:\/\/issevenmimarlik.com.tr\/en\/references\/","name":"References - \u0130\u015fseven Mimarl\u0131k","isPartOf":{"@id":"https:\/\/issevenmimarlik.com.tr\/en\/#website"},"datePublished":"2020-06-30T10:21:37+00:00","dateModified":"2020-06-30T10:21:38+00:00","breadcrumb":{"@id":"https:\/\/issevenmimarlik.com.tr\/en\/references\/#breadcrumb"},"inLanguage":"en-US","potentialAction":[{"@type":"ReadAction","target":["https:\/\/issevenmimarlik.com.tr\/en\/references\/"]}]},{"@type":"BreadcrumbList","@id":"https:\/\/issevenmimarlik.com.tr\/en\/references\/#breadcrumb","itemListElement":[{"@type":"ListItem","position":1,"name":"Ana sayfa","item":"https:\/\/issevenmimarlik.com.tr\/en\/"},{"@type":"ListItem","position":2,"name":"References"}]},{"@type":"WebSite","@id":"https:\/\/issevenmimarlik.com.tr\/en\/#website","url":"https:\/\/issevenmimarlik.com.tr\/en\/","name":"\u0130\u015fseven Mimarl\u0131k","description":"35 y\u0131ll\u0131k tecr\u00fcbemizle i\u00e7 mimarlik hizmetleri","publisher":{"@id":"https:\/\/issevenmimarlik.com.tr\/en\/#organization"},"potentialAction":[{"@type":"SearchAction","target":{"@type":"EntryPoint","urlTemplate":"https:\/\/issevenmimarlik.com.tr\/en\/?s={search_term_string}"},"query-input":{"@type":"PropertyValueSpecification","valueRequired":true,"valueName":"search_term_string"}}],"inLanguage":"en-US"},{"@type":"Organization","@id":"https:\/\/issevenmimarlik.com.tr\/en\/#organization","name":"\u0130\u015fseven Mimarl\u0131k","url":"https:\/\/issevenmimarlik.com.tr\/en\/","logo":{"@type":"ImageObject","inLanguage":"en-US","@id":"https:\/\/issevenmimarlik.com.tr\/en\/#\/schema\/logo\/image\/","url":"https:\/\/issevenmimarlik.com.tr\/wp-content\/uploads\/2020\/07\/isseven_mimarlik_logo.png","contentUrl":"https:\/\/issevenmimarlik.com.tr\/wp-content\/uploads\/2020\/07\/isseven_mimarlik_logo.png","width":1019,"height":1248,"caption":"\u0130\u015fseven Mimarl\u0131k"},"image":{"@id":"https:\/\/issevenmimarlik.com.tr\/en\/#\/schema\/logo\/image\/"},"sameAs":["https:\/\/www.instagram.com\/issevenmimarlik"]}]}},"_links":{"self":[{"href":"https:\/\/issevenmimarlik.com.tr\/en\/wp-json\/wp\/v2\/pages\/1915","targetHints":{"allow":["GET"]}}],"collection":[{"href":"https:\/\/issevenmimarlik.com.tr\/en\/wp-json\/wp\/v2\/pages"}],"about":[{"href":"https:\/\/issevenmimarlik.com.tr\/en\/wp-json\/wp\/v2\/types\/page"}],"author":[{"embeddable":true,"href":"https:\/\/issevenmimarlik.com.tr\/en\/wp-json\/wp\/v2\/users\/1"}],"replies":[{"embeddable":true,"href":"https:\/\/issevenmimarlik.com.tr\/en\/wp-json\/wp\/v2\/comments?post=1915"}],"version-history":[{"count":1,"href":"https:\/\/issevenmimarlik.com.tr\/en\/wp-json\/wp\/v2\/pages\/1915\/revisions"}],"predecessor-version":[{"id":1916,"href":"https:\/\/issevenmimarlik.com.tr\/en\/wp-json\/wp\/v2\/pages\/1915\/revisions\/1916"}],"wp:attachment":[{"href":"https:\/\/issevenmimarlik.com.tr\/en\/wp-json\/wp\/v2\/media?parent=1915"}],"curies":[{"name":"wp","href":"https:\/\/api.w.org\/{rel}","templated":true}]}}