{"id":1911,"date":"2020-06-30T13:20:45","date_gmt":"2020-06-30T10:20:45","guid":{"rendered":"http:\/\/issevenmimarlik.com.tr\/projects\/promotional\/"},"modified":"2020-07-07T18:32:55","modified_gmt":"2020-07-07T15:32:55","slug":"promotional","status":"publish","type":"page","link":"https:\/\/issevenmimarlik.com.tr\/en\/projects\/promotional\/","title":{"rendered":"Promotional"},"content":{"rendered":"<div class=\"wpb-content-wrapper\"><p>[vc_row unlock_row_content=&#8221;yes&#8221; row_height_percent=&#8221;0&#8243; overlay_alpha=&#8221;50&#8243; gutter_size=&#8221;3&#8243; column_width_percent=&#8221;100&#8243; shift_y=&#8221;0&#8243; z_index=&#8221;0&#8243;][vc_column width=&#8221;1\/1&#8243;][uncode_index el_id=&#8221;proje-137212&#8243; loop=&#8221;size:All|order_by:menu_order|order:DESC|post_type:portfolio|tax_query:5&#8243; filtering=&#8221;yes&#8221; filter_all_opposite=&#8221;yes&#8221; filtering_uppercase=&#8221;yes&#8221; gutter_size=&#8221;2&#8243; post_items=&#8221;media|featured|onpost|original,title,sep-one|full,type&#8221; portfolio_items=&#8221;title,text|excerpt,media|featured|onpost|original,sep-one|reduced,category|bordered|relative|display-icon&#8221; screen_lg=&#8221;1000&#8243; screen_md=&#8221;600&#8243; screen_sm=&#8221;480&#8243; single_text=&#8221;overlay&#8221; single_width=&#8221;3&#8243; images_size=&#8221;one-one&#8221; single_shape=&#8221;round&#8221; radius=&#8221;std&#8221; single_style=&#8221;dark&#8221; single_overlay_color=&#8221;accent&#8221; single_overlay_opacity=&#8221;95&#8243; single_overlay_visible=&#8221;yes&#8221; single_text_visible=&#8221;yes&#8221; single_image_anim=&#8221;no&#8221; single_h_align=&#8221;center&#8221; single_padding=&#8221;1&#8243; single_text_lead=&#8221;yes&#8221; single_title_dimension=&#8221;h4&#8243; single_border=&#8221;yes&#8221; single_css_animation=&#8221;top-t-bottom&#8221; single_animation_speed=&#8221;200&#8243;][vc_raw_js]JTNDc2NyaXB0JTIwdHlwZSUzRCUyMnRleHQlMkZqYXZhc2NyaXB0JTIyJTNFbGV0JTIwZGl2cyUyMCUzRCUyMGRvY3VtZW50LmdldEVsZW1lbnRzQnlDbGFzc05hbWUlMjglMjd0bWItdGVybS1ldmlkZW5jZSUyNyUyOSUzQiUwQSUwQWZvciUyMCUyOGxldCUyMHglMjAlM0QlMjAwJTNCJTIweCUyMCUzQyUyMGRpdnMubGVuZ3RoJTNCJTIweCUyQiUyQiUyOSUyMCU3QiUwQSUyMCUyMCUyMCUyMGxldCUyMGRpdiUyMCUzRCUyMGRpdnMlNUJ4JTVEJTNCJTBBJTIwJTIwJTIwJTIwbGV0JTIwY29udGVudCUyMCUzRCUyMGRpdi5pbm5lckhUTUwudHJpbSUyOCUyOSUzQiUwQSUwQSUyMCUyMCUyMCUyMGlmJTIwJTI4Y29udGVudCUyMCUzRCUzRCUyMCUyN1Byb21vdGlvbmFsJTI3JTI5JTIwJTdCJTBBJTIwJTIwJTIwJTIwJTIwJTIwJTIwJTIwZGl2LnN0eWxlLmRpc3BsYXklMjAlM0QlMjAlMjdub25lJTI3JTNCJTBBJTIwJTIwJTIwJTIwJTdEJTBBJTdEJTNDJTJGc2NyaXB0JTNF[\/vc_raw_js][\/vc_column][\/vc_row]<\/p>\n<\/div>","protected":false},"excerpt":{"rendered":"<p>[vc_row unlock_row_content=&#8221;yes&#8221; row_height_percent=&#8221;0&#8243; overlay_alpha=&#8221;50&#8243; gutter_size=&#8221;3&#8243; column_width_percent=&#8221;100&#8243; shift_y=&#8221;0&#8243; z_index=&#8221;0&#8243;][vc_column width=&#8221;1\/1&#8243;][uncode_index el_id=&#8221;proje-137212&#8243; loop=&#8221;size:All|order_by:menu_order|order:DESC|post_type:portfolio|tax_query:5&#8243; filtering=&#8221;yes&#8221; filter_all_opposite=&#8221;yes&#8221; filtering_uppercase=&#8221;yes&#8221; gutter_size=&#8221;2&#8243; post_items=&#8221;media|featured|onpost|original,title,sep-one|full,type&#8221; portfolio_items=&#8221;title,text|excerpt,media|featured|onpost|original,sep-one|reduced,category|bordered|relative|display-icon&#8221; screen_lg=&#8221;1000&#8243; screen_md=&#8221;600&#8243; screen_sm=&#8221;480&#8243; [&hellip;]<\/p>\n","protected":false},"author":1,"featured_media":0,"parent":1905,"menu_order":0,"comment_status":"closed","ping_status":"closed","template":"","meta":{"footnotes":""},"class_list":["post-1911","page","type-page","status-publish","hentry"],"yoast_head":"<!-- This site is optimized with the Yoast SEO plugin v27.4 - https:\/\/yoast.com\/product\/yoast-seo-wordpress\/ -->\n<title>Promotional - \u0130\u015fseven Mimarl\u0131k<\/title>\n<meta name=\"robots\" content=\"index, follow, max-snippet:-1, max-image-preview:large, max-video-preview:-1\" \/>\n<link rel=\"canonical\" href=\"https:\/\/issevenmimarlik.com.tr\/en\/projects\/promotional\/\" \/>\n<meta property=\"og:locale\" content=\"en_US\" \/>\n<meta property=\"og:type\" content=\"article\" \/>\n<meta property=\"og:title\" content=\"Promotional - \u0130\u015fseven Mimarl\u0131k\" \/>\n<meta property=\"og:description\" content=\"[vc_row unlock_row_content=&#8221;yes&#8221; row_height_percent=&#8221;0&#8243; overlay_alpha=&#8221;50&#8243; gutter_size=&#8221;3&#8243; column_width_percent=&#8221;100&#8243; shift_y=&#8221;0&#8243; z_index=&#8221;0&#8243;][vc_column width=&#8221;1\/1&#8243;][uncode_index el_id=&#8221;proje-137212&#8243; loop=&#8221;size:All|order_by:menu_order|order:DESC|post_type:portfolio|tax_query:5&#8243; filtering=&#8221;yes&#8221; filter_all_opposite=&#8221;yes&#8221; filtering_uppercase=&#8221;yes&#8221; gutter_size=&#8221;2&#8243; post_items=&#8221;media|featured|onpost|original,title,sep-one|full,type&#8221; portfolio_items=&#8221;title,text|excerpt,media|featured|onpost|original,sep-one|reduced,category|bordered|relative|display-icon&#8221; screen_lg=&#8221;1000&#8243; screen_md=&#8221;600&#8243; screen_sm=&#8221;480&#8243; [&hellip;]\" \/>\n<meta property=\"og:url\" content=\"https:\/\/issevenmimarlik.com.tr\/en\/projects\/promotional\/\" \/>\n<meta property=\"og:site_name\" content=\"\u0130\u015fseven Mimarl\u0131k\" \/>\n<meta property=\"article:modified_time\" content=\"2020-07-07T15:32:55+00:00\" \/>\n<meta name=\"twitter:card\" content=\"summary_large_image\" \/>\n<meta name=\"twitter:label1\" content=\"Est. reading time\" \/>\n\t<meta name=\"twitter:data1\" content=\"1 minute\" \/>\n<script type=\"application\/ld+json\" class=\"yoast-schema-graph\">{\"@context\":\"https:\\\/\\\/schema.org\",\"@graph\":[{\"@type\":\"WebPage\",\"@id\":\"https:\\\/\\\/issevenmimarlik.com.tr\\\/en\\\/projects\\\/promotional\\\/\",\"url\":\"https:\\\/\\\/issevenmimarlik.com.tr\\\/en\\\/projects\\\/promotional\\\/\",\"name\":\"Promotional - \u0130\u015fseven Mimarl\u0131k\",\"isPartOf\":{\"@id\":\"https:\\\/\\\/issevenmimarlik.com.tr\\\/en\\\/#website\"},\"datePublished\":\"2020-06-30T10:20:45+00:00\",\"dateModified\":\"2020-07-07T15:32:55+00:00\",\"breadcrumb\":{\"@id\":\"https:\\\/\\\/issevenmimarlik.com.tr\\\/en\\\/projects\\\/promotional\\\/#breadcrumb\"},\"inLanguage\":\"en-US\",\"potentialAction\":[{\"@type\":\"ReadAction\",\"target\":[\"https:\\\/\\\/issevenmimarlik.com.tr\\\/en\\\/projects\\\/promotional\\\/\"]}]},{\"@type\":\"BreadcrumbList\",\"@id\":\"https:\\\/\\\/issevenmimarlik.com.tr\\\/en\\\/projects\\\/promotional\\\/#breadcrumb\",\"itemListElement\":[{\"@type\":\"ListItem\",\"position\":1,\"name\":\"Ana sayfa\",\"item\":\"https:\\\/\\\/issevenmimarlik.com.tr\\\/en\\\/\"},{\"@type\":\"ListItem\",\"position\":2,\"name\":\"Projects\",\"item\":\"https:\\\/\\\/issevenmimarlik.com.tr\\\/en\\\/projects\\\/\"},{\"@type\":\"ListItem\",\"position\":3,\"name\":\"Promotional\"}]},{\"@type\":\"WebSite\",\"@id\":\"https:\\\/\\\/issevenmimarlik.com.tr\\\/en\\\/#website\",\"url\":\"https:\\\/\\\/issevenmimarlik.com.tr\\\/en\\\/\",\"name\":\"\u0130\u015fseven Mimarl\u0131k\",\"description\":\"35 y\u0131ll\u0131k tecr\u00fcbemizle i\u00e7 mimarlik hizmetleri\",\"publisher\":{\"@id\":\"https:\\\/\\\/issevenmimarlik.com.tr\\\/en\\\/#organization\"},\"potentialAction\":[{\"@type\":\"SearchAction\",\"target\":{\"@type\":\"EntryPoint\",\"urlTemplate\":\"https:\\\/\\\/issevenmimarlik.com.tr\\\/en\\\/?s={search_term_string}\"},\"query-input\":{\"@type\":\"PropertyValueSpecification\",\"valueRequired\":true,\"valueName\":\"search_term_string\"}}],\"inLanguage\":\"en-US\"},{\"@type\":\"Organization\",\"@id\":\"https:\\\/\\\/issevenmimarlik.com.tr\\\/en\\\/#organization\",\"name\":\"\u0130\u015fseven Mimarl\u0131k\",\"url\":\"https:\\\/\\\/issevenmimarlik.com.tr\\\/en\\\/\",\"logo\":{\"@type\":\"ImageObject\",\"inLanguage\":\"en-US\",\"@id\":\"https:\\\/\\\/issevenmimarlik.com.tr\\\/en\\\/#\\\/schema\\\/logo\\\/image\\\/\",\"url\":\"https:\\\/\\\/issevenmimarlik.com.tr\\\/wp-content\\\/uploads\\\/2020\\\/07\\\/isseven_mimarlik_logo.png\",\"contentUrl\":\"https:\\\/\\\/issevenmimarlik.com.tr\\\/wp-content\\\/uploads\\\/2020\\\/07\\\/isseven_mimarlik_logo.png\",\"width\":1019,\"height\":1248,\"caption\":\"\u0130\u015fseven Mimarl\u0131k\"},\"image\":{\"@id\":\"https:\\\/\\\/issevenmimarlik.com.tr\\\/en\\\/#\\\/schema\\\/logo\\\/image\\\/\"},\"sameAs\":[\"https:\\\/\\\/www.instagram.com\\\/issevenmimarlik\"]}]}<\/script>\n<!-- \/ Yoast SEO plugin. -->","yoast_head_json":{"title":"Promotional - \u0130\u015fseven Mimarl\u0131k","robots":{"index":"index","follow":"follow","max-snippet":"max-snippet:-1","max-image-preview":"max-image-preview:large","max-video-preview":"max-video-preview:-1"},"canonical":"https:\/\/issevenmimarlik.com.tr\/en\/projects\/promotional\/","og_locale":"en_US","og_type":"article","og_title":"Promotional - \u0130\u015fseven Mimarl\u0131k","og_description":"[vc_row unlock_row_content=&#8221;yes&#8221; row_height_percent=&#8221;0&#8243; overlay_alpha=&#8221;50&#8243; gutter_size=&#8221;3&#8243; column_width_percent=&#8221;100&#8243; shift_y=&#8221;0&#8243; z_index=&#8221;0&#8243;][vc_column width=&#8221;1\/1&#8243;][uncode_index el_id=&#8221;proje-137212&#8243; loop=&#8221;size:All|order_by:menu_order|order:DESC|post_type:portfolio|tax_query:5&#8243; filtering=&#8221;yes&#8221; filter_all_opposite=&#8221;yes&#8221; filtering_uppercase=&#8221;yes&#8221; gutter_size=&#8221;2&#8243; post_items=&#8221;media|featured|onpost|original,title,sep-one|full,type&#8221; portfolio_items=&#8221;title,text|excerpt,media|featured|onpost|original,sep-one|reduced,category|bordered|relative|display-icon&#8221; screen_lg=&#8221;1000&#8243; screen_md=&#8221;600&#8243; screen_sm=&#8221;480&#8243; [&hellip;]","og_url":"https:\/\/issevenmimarlik.com.tr\/en\/projects\/promotional\/","og_site_name":"\u0130\u015fseven Mimarl\u0131k","article_modified_time":"2020-07-07T15:32:55+00:00","twitter_card":"summary_large_image","twitter_misc":{"Est. reading time":"1 minute"},"schema":{"@context":"https:\/\/schema.org","@graph":[{"@type":"WebPage","@id":"https:\/\/issevenmimarlik.com.tr\/en\/projects\/promotional\/","url":"https:\/\/issevenmimarlik.com.tr\/en\/projects\/promotional\/","name":"Promotional - \u0130\u015fseven Mimarl\u0131k","isPartOf":{"@id":"https:\/\/issevenmimarlik.com.tr\/en\/#website"},"datePublished":"2020-06-30T10:20:45+00:00","dateModified":"2020-07-07T15:32:55+00:00","breadcrumb":{"@id":"https:\/\/issevenmimarlik.com.tr\/en\/projects\/promotional\/#breadcrumb"},"inLanguage":"en-US","potentialAction":[{"@type":"ReadAction","target":["https:\/\/issevenmimarlik.com.tr\/en\/projects\/promotional\/"]}]},{"@type":"BreadcrumbList","@id":"https:\/\/issevenmimarlik.com.tr\/en\/projects\/promotional\/#breadcrumb","itemListElement":[{"@type":"ListItem","position":1,"name":"Ana sayfa","item":"https:\/\/issevenmimarlik.com.tr\/en\/"},{"@type":"ListItem","position":2,"name":"Projects","item":"https:\/\/issevenmimarlik.com.tr\/en\/projects\/"},{"@type":"ListItem","position":3,"name":"Promotional"}]},{"@type":"WebSite","@id":"https:\/\/issevenmimarlik.com.tr\/en\/#website","url":"https:\/\/issevenmimarlik.com.tr\/en\/","name":"\u0130\u015fseven Mimarl\u0131k","description":"35 y\u0131ll\u0131k tecr\u00fcbemizle i\u00e7 mimarlik hizmetleri","publisher":{"@id":"https:\/\/issevenmimarlik.com.tr\/en\/#organization"},"potentialAction":[{"@type":"SearchAction","target":{"@type":"EntryPoint","urlTemplate":"https:\/\/issevenmimarlik.com.tr\/en\/?s={search_term_string}"},"query-input":{"@type":"PropertyValueSpecification","valueRequired":true,"valueName":"search_term_string"}}],"inLanguage":"en-US"},{"@type":"Organization","@id":"https:\/\/issevenmimarlik.com.tr\/en\/#organization","name":"\u0130\u015fseven Mimarl\u0131k","url":"https:\/\/issevenmimarlik.com.tr\/en\/","logo":{"@type":"ImageObject","inLanguage":"en-US","@id":"https:\/\/issevenmimarlik.com.tr\/en\/#\/schema\/logo\/image\/","url":"https:\/\/issevenmimarlik.com.tr\/wp-content\/uploads\/2020\/07\/isseven_mimarlik_logo.png","contentUrl":"https:\/\/issevenmimarlik.com.tr\/wp-content\/uploads\/2020\/07\/isseven_mimarlik_logo.png","width":1019,"height":1248,"caption":"\u0130\u015fseven Mimarl\u0131k"},"image":{"@id":"https:\/\/issevenmimarlik.com.tr\/en\/#\/schema\/logo\/image\/"},"sameAs":["https:\/\/www.instagram.com\/issevenmimarlik"]}]}},"_links":{"self":[{"href":"https:\/\/issevenmimarlik.com.tr\/en\/wp-json\/wp\/v2\/pages\/1911","targetHints":{"allow":["GET"]}}],"collection":[{"href":"https:\/\/issevenmimarlik.com.tr\/en\/wp-json\/wp\/v2\/pages"}],"about":[{"href":"https:\/\/issevenmimarlik.com.tr\/en\/wp-json\/wp\/v2\/types\/page"}],"author":[{"embeddable":true,"href":"https:\/\/issevenmimarlik.com.tr\/en\/wp-json\/wp\/v2\/users\/1"}],"replies":[{"embeddable":true,"href":"https:\/\/issevenmimarlik.com.tr\/en\/wp-json\/wp\/v2\/comments?post=1911"}],"version-history":[{"count":2,"href":"https:\/\/issevenmimarlik.com.tr\/en\/wp-json\/wp\/v2\/pages\/1911\/revisions"}],"predecessor-version":[{"id":2062,"href":"https:\/\/issevenmimarlik.com.tr\/en\/wp-json\/wp\/v2\/pages\/1911\/revisions\/2062"}],"up":[{"embeddable":true,"href":"https:\/\/issevenmimarlik.com.tr\/en\/wp-json\/wp\/v2\/pages\/1905"}],"wp:attachment":[{"href":"https:\/\/issevenmimarlik.com.tr\/en\/wp-json\/wp\/v2\/media?parent=1911"}],"curies":[{"name":"wp","href":"https:\/\/api.w.org\/{rel}","templated":true}]}}